{"id":447,"date":"2025-02-28T12:03:27","date_gmt":"2025-02-28T11:03:27","guid":{"rendered":"https:\/\/shop.fotomaechler.ch\/?post_type=product&#038;p=447"},"modified":"2025-12-21T09:39:52","modified_gmt":"2025-12-21T08:39:52","slug":"ilford-xp2-super-400-36-aufnahmen","status":"publish","type":"product","link":"https:\/\/shop.fotomaechler.ch\/index.php\/produkt\/ilford-xp2-super-400-36-aufnahmen\/","title":{"rendered":"Ilford XP2 Super 400 \u2013 36 Aufnahmen"},"content":{"rendered":"<p data-start=\"162\" data-end=\"579\">Ilford XP2 Super 400 \u2013 36 Aufnahmen<\/p>\n<p data-start=\"162\" data-end=\"579\">Der <strong data-start=\"166\" data-end=\"190\">Ilford XP2 Super 400<\/strong> ist ein hochwertiger Schwarzwei\u00dffilm, der sich durch seine au\u00dfergew\u00f6hnliche Vielseitigkeit und einfache Handhabung auszeichnet. Im Gegensatz zu klassischen Schwarzwei\u00dffilmen wird dieser Film im C-41-Prozess entwickelt, dem Standardprozess f\u00fcr Farbfilme. Dies macht ihn ideal f\u00fcr Fotografen, die eine unkomplizierte und kosteng\u00fcnstige Entwicklung in herk\u00f6mmlichen Fotolaboren bevorzugen.<\/p>\n<p data-start=\"581\" data-end=\"882\">Dank seiner <strong data-start=\"593\" data-end=\"604\">ISO 400<\/strong> Empfindlichkeit liefert der Ilford XP2 Super 400 scharfe, kontrastreiche Bilder mit feiner K\u00f6rnung \u2013 perfekt f\u00fcr Portr\u00e4ts, Street Photography und Reportagen. Ein weiteres Highlight dieses Films ist sein gro\u00dfer <strong data-start=\"815\" data-end=\"839\">Belichtungsspielraum<\/strong>, der ihn besonders fehlertolerant macht.<\/p>\n","protected":false},"excerpt":{"rendered":"<ul>\n<li data-start=\"912\" data-end=\"952\"><strong data-start=\"914\" data-end=\"926\">Filmtyp:<\/strong> Schwarzwei\u00df-Negativfilm<\/li>\n<li data-start=\"953\" data-end=\"989\"><strong data-start=\"955\" data-end=\"975\">Empfindlichkeit:<\/strong> ISO 400\/27\u00b0<\/li>\n<li data-start=\"990\" data-end=\"1031\"><strong data-start=\"992\" data-end=\"1008\">Entwicklung:<\/strong> C-41 Farbfilmprozess<\/li>\n<li data-start=\"1032\" data-end=\"1069\"><strong data-start=\"1034\" data-end=\"1048\">Aufnahmen:<\/strong> 36 Bilder pro Film<\/li>\n<li data-start=\"1070\" data-end=\"1151\"><strong data-start=\"1072\" data-end=\"1089\">Besonderheit:<\/strong> Extrem breiter Belichtungsspielraum f\u00fcr variable Ergebnisse<\/li>\n<li data-start=\"1152\" data-end=\"1238\"><strong data-start=\"1154\" data-end=\"1173\">Einsatzbereich:<\/strong> Portr\u00e4ts, Street Photography, Reportage, allgemeine Fotografie<\/li>\n<\/ul>\n","protected":false},"featured_media":448,"comment_status":"open","ping_status":"closed","template":"","meta":{"_acf_changed":false},"product_brand":[],"product_cat":[44],"product_tag":[],"class_list":{"0":"post-447","1":"product","2":"type-product","3":"status-publish","4":"has-post-thumbnail","6":"product_cat-analog","7":"product_shipping_class-leichtes-produkt","9":"first","10":"instock","11":"taxable","12":"shipping-taxable","13":"purchasable","14":"product-type-simple"},"acf":[],"jetpack_sharing_enabled":true,"_links":{"self":[{"href":"https:\/\/shop.fotomaechler.ch\/index.php\/wp-json\/wp\/v2\/product\/447","targetHints":{"allow":["GET"]}}],"collection":[{"href":"https:\/\/shop.fotomaechler.ch\/index.php\/wp-json\/wp\/v2\/product"}],"about":[{"href":"https:\/\/shop.fotomaechler.ch\/index.php\/wp-json\/wp\/v2\/types\/product"}],"replies":[{"embeddable":true,"href":"https:\/\/shop.fotomaechler.ch\/index.php\/wp-json\/wp\/v2\/comments?post=447"}],"version-history":[{"count":2,"href":"https:\/\/shop.fotomaechler.ch\/index.php\/wp-json\/wp\/v2\/product\/447\/revisions"}],"predecessor-version":[{"id":1782,"href":"https:\/\/shop.fotomaechler.ch\/index.php\/wp-json\/wp\/v2\/product\/447\/revisions\/1782"}],"wp:featuredmedia":[{"embeddable":true,"href":"https:\/\/shop.fotomaechler.ch\/index.php\/wp-json\/wp\/v2\/media\/448"}],"wp:attachment":[{"href":"https:\/\/shop.fotomaechler.ch\/index.php\/wp-json\/wp\/v2\/media?parent=447"}],"wp:term":[{"taxonomy":"product_brand","embeddable":true,"href":"https:\/\/shop.fotomaechler.ch\/index.php\/wp-json\/wp\/v2\/product_brand?post=447"},{"taxonomy":"product_cat","embeddable":true,"href":"https:\/\/shop.fotomaechler.ch\/index.php\/wp-json\/wp\/v2\/product_cat?post=447"},{"taxonomy":"product_tag","embeddable":true,"href":"https:\/\/shop.fotomaechler.ch\/index.php\/wp-json\/wp\/v2\/product_tag?post=447"}],"curies":[{"name":"wp","href":"https:\/\/api.w.org\/{rel}","templated":true}]}}