{"id":399,"date":"2025-02-28T10:49:22","date_gmt":"2025-02-28T09:49:22","guid":{"rendered":"https:\/\/shop.fotomaechler.ch\/?post_type=product&#038;p=399"},"modified":"2025-12-21T09:44:43","modified_gmt":"2025-12-21T08:44:43","slug":"kodak-daylight-einwegkamera-39-aufnahmen-iso-800","status":"publish","type":"product","link":"https:\/\/shop.fotomaechler.ch\/index.php\/produkt\/kodak-daylight-einwegkamera-39-aufnahmen-iso-800\/","title":{"rendered":"Kodak Daylight Einwegkamera \u2013 39 Aufnahmen, ISO 800"},"content":{"rendered":"<p>Kodak Daylight Einwegkamera \u2013 39 Aufnahmen, ISO 800<\/p>\n<p>Die Kodak Daylight Einwegkamera ist speziell f\u00fcr den Einsatz bei Tageslicht konzipiert. Mit einem hochempfindlichen Kodak ISO 800 Farbfilm ausgestattet, liefert sie gestochen scharfe und farbintensive Bilder. Dank ihrer robusten Bauweise und der einfachen Handhabung ist sie ideal f\u00fcr Reisen, Outdoor-Events und spontane Schnappsch\u00fcsse. Im Gegensatz zu anderen Einwegkameras verf\u00fcgt dieses Modell <strong data-start=\"575\" data-end=\"596\">\u00fcber keinen Blitz<\/strong>, wodurch es optimal f\u00fcr helle Umgebungen ist.<\/p>\n","protected":false},"excerpt":{"rendered":"<p>Einwegkamera mit 39 Aufnahmen, Kodak ISO 800 Farbfilm \u2013 perfekt f\u00fcr Outdoor-Fotografie bei Tageslicht.<\/p>\n","protected":false},"featured_media":400,"comment_status":"open","ping_status":"closed","template":"","meta":{"_acf_changed":false},"product_brand":[],"product_cat":[44],"product_tag":[],"class_list":{"0":"post-399","1":"product","2":"type-product","3":"status-publish","4":"has-post-thumbnail","6":"product_cat-analog","7":"product_shipping_class-leichtes-produkt","9":"first","10":"instock","11":"taxable","12":"shipping-taxable","13":"purchasable","14":"product-type-simple"},"acf":[],"jetpack_sharing_enabled":true,"_links":{"self":[{"href":"https:\/\/shop.fotomaechler.ch\/index.php\/wp-json\/wp\/v2\/product\/399","targetHints":{"allow":["GET"]}}],"collection":[{"href":"https:\/\/shop.fotomaechler.ch\/index.php\/wp-json\/wp\/v2\/product"}],"about":[{"href":"https:\/\/shop.fotomaechler.ch\/index.php\/wp-json\/wp\/v2\/types\/product"}],"replies":[{"embeddable":true,"href":"https:\/\/shop.fotomaechler.ch\/index.php\/wp-json\/wp\/v2\/comments?post=399"}],"version-history":[{"count":2,"href":"https:\/\/shop.fotomaechler.ch\/index.php\/wp-json\/wp\/v2\/product\/399\/revisions"}],"predecessor-version":[{"id":1788,"href":"https:\/\/shop.fotomaechler.ch\/index.php\/wp-json\/wp\/v2\/product\/399\/revisions\/1788"}],"wp:featuredmedia":[{"embeddable":true,"href":"https:\/\/shop.fotomaechler.ch\/index.php\/wp-json\/wp\/v2\/media\/400"}],"wp:attachment":[{"href":"https:\/\/shop.fotomaechler.ch\/index.php\/wp-json\/wp\/v2\/media?parent=399"}],"wp:term":[{"taxonomy":"product_brand","embeddable":true,"href":"https:\/\/shop.fotomaechler.ch\/index.php\/wp-json\/wp\/v2\/product_brand?post=399"},{"taxonomy":"product_cat","embeddable":true,"href":"https:\/\/shop.fotomaechler.ch\/index.php\/wp-json\/wp\/v2\/product_cat?post=399"},{"taxonomy":"product_tag","embeddable":true,"href":"https:\/\/shop.fotomaechler.ch\/index.php\/wp-json\/wp\/v2\/product_tag?post=399"}],"curies":[{"name":"wp","href":"https:\/\/api.w.org\/{rel}","templated":true}]}}