{"id":380,"date":"2025-02-28T10:01:08","date_gmt":"2025-02-28T09:01:08","guid":{"rendered":"https:\/\/shop.fotomaechler.ch\/?post_type=product&#038;p=380"},"modified":"2025-12-21T09:47:40","modified_gmt":"2025-12-21T08:47:40","slug":"ilford-hp5-plus-400-schwarz-weiss-film-24-aufnahmen","status":"publish","type":"product","link":"https:\/\/shop.fotomaechler.ch\/index.php\/produkt\/ilford-hp5-plus-400-schwarz-weiss-film-24-aufnahmen\/","title":{"rendered":"Ilford HP5 Plus 400 &#8211; Schwarz-Weiss-Film (24 Aufnahmen)"},"content":{"rendered":"<p>Ilford HP5 Plus 400 &#8211; Schwarz-Weiss-Film (24 Aufnahmen)<\/p>\n<p>Der Ilford HP5 Plus 400 ist ein klassischer Schwarz-Weiss-Film mit einer Empfindlichkeit von ISO 400\/27\u00b0. Er liefert ausgezeichnete Kontraste und eine feine K\u00f6rnung, ideal f\u00fcr vielseitige Anwendungen in der analogen Fotografie. Dank seiner hohen Lichtempfindlichkeit ist er besonders f\u00fcr Reportage-, Action- und Low-Light-Fotografie geeignet. Der Film kann problemlos auf ISO 800 oder sogar ISO 1600 gepusht werden, ohne \u00fcberm\u00e4\u00dfiges Korn zu erzeugen.<\/p>\n","protected":false},"excerpt":{"rendered":"<p>Hochwertiger Schwarz-Weiss-Film mit ISO 400 f\u00fcr brillante Kontraste und feine K\u00f6rnung. Ideal f\u00fcr Low-Light- und Action-Fotografie.<\/p>\n","protected":false},"featured_media":381,"comment_status":"open","ping_status":"closed","template":"","meta":{"_acf_changed":false},"product_brand":[],"product_cat":[44],"product_tag":[],"class_list":{"0":"post-380","1":"product","2":"type-product","3":"status-publish","4":"has-post-thumbnail","6":"product_cat-analog","7":"product_shipping_class-leichtes-produkt","9":"first","10":"instock","11":"taxable","12":"shipping-taxable","13":"purchasable","14":"product-type-simple"},"acf":[],"jetpack_sharing_enabled":true,"_links":{"self":[{"href":"https:\/\/shop.fotomaechler.ch\/index.php\/wp-json\/wp\/v2\/product\/380","targetHints":{"allow":["GET"]}}],"collection":[{"href":"https:\/\/shop.fotomaechler.ch\/index.php\/wp-json\/wp\/v2\/product"}],"about":[{"href":"https:\/\/shop.fotomaechler.ch\/index.php\/wp-json\/wp\/v2\/types\/product"}],"replies":[{"embeddable":true,"href":"https:\/\/shop.fotomaechler.ch\/index.php\/wp-json\/wp\/v2\/comments?post=380"}],"version-history":[{"count":2,"href":"https:\/\/shop.fotomaechler.ch\/index.php\/wp-json\/wp\/v2\/product\/380\/revisions"}],"predecessor-version":[{"id":1790,"href":"https:\/\/shop.fotomaechler.ch\/index.php\/wp-json\/wp\/v2\/product\/380\/revisions\/1790"}],"wp:featuredmedia":[{"embeddable":true,"href":"https:\/\/shop.fotomaechler.ch\/index.php\/wp-json\/wp\/v2\/media\/381"}],"wp:attachment":[{"href":"https:\/\/shop.fotomaechler.ch\/index.php\/wp-json\/wp\/v2\/media?parent=380"}],"wp:term":[{"taxonomy":"product_brand","embeddable":true,"href":"https:\/\/shop.fotomaechler.ch\/index.php\/wp-json\/wp\/v2\/product_brand?post=380"},{"taxonomy":"product_cat","embeddable":true,"href":"https:\/\/shop.fotomaechler.ch\/index.php\/wp-json\/wp\/v2\/product_cat?post=380"},{"taxonomy":"product_tag","embeddable":true,"href":"https:\/\/shop.fotomaechler.ch\/index.php\/wp-json\/wp\/v2\/product_tag?post=380"}],"curies":[{"name":"wp","href":"https:\/\/api.w.org\/{rel}","templated":true}]}}