{"id":353,"date":"2025-02-28T08:39:53","date_gmt":"2025-02-28T07:39:53","guid":{"rendered":"https:\/\/shop.fotomaechler.ch\/?post_type=product&#038;p=353"},"modified":"2025-12-21T09:54:01","modified_gmt":"2025-12-21T08:54:01","slug":"kodak-gold-200-24-aufnahmen-farbnegativfilm","status":"publish","type":"product","link":"https:\/\/shop.fotomaechler.ch\/index.php\/produkt\/kodak-gold-200-24-aufnahmen-farbnegativfilm\/","title":{"rendered":"Kodak Gold 200 (24 Aufnahmen) Farbnegativfilm"},"content":{"rendered":"<p>Kodak Gold 200 (24 Aufnahmen) Farbnegativfilm<\/p>\n<p>Der <strong data-start=\"102\" data-end=\"120\">Kodak Gold 200<\/strong> ist ein klassischer Farbnegativfilm mit <strong data-start=\"161\" data-end=\"172\">ISO 200<\/strong>, der f\u00fcr brillante Farben, feine Details und eine nat\u00fcrliche Hautwiedergabe sorgt. Dieser Film eignet sich perfekt f\u00fcr Tageslichtaufnahmen, sowohl im Innen- als auch im Au\u00dfenbereich, und ist eine ideale Wahl f\u00fcr Schnappsch\u00fcsse, Portr\u00e4ts und Landschaftsaufnahmen. Mit seiner feinen K\u00f6rnung und exzellenten Sch\u00e4rfe erm\u00f6glicht der Kodak Gold 200 hochwertige Ergebnisse und eine hervorragende Farbbalance.<\/p>\n","protected":false},"excerpt":{"rendered":"<ul>\n<li data-start=\"607\" data-end=\"654\"><strong data-start=\"609\" data-end=\"621\">Filmtyp:<\/strong> Farbnegativfilm (C-41 Prozess)<\/li>\n<li data-start=\"655\" data-end=\"676\"><strong data-start=\"657\" data-end=\"670\">ISO-Wert:<\/strong> 200<\/li>\n<li data-start=\"677\" data-end=\"705\"><strong data-start=\"679\" data-end=\"693\">Aufnahmen:<\/strong> 24 Bilder<\/li>\n<li data-start=\"706\" data-end=\"770\"><strong data-start=\"708\" data-end=\"727\">Besonderheiten:<\/strong> Feines Korn, warme und ges\u00e4ttigte Farben<\/li>\n<li data-start=\"771\" data-end=\"828\"><strong data-start=\"773\" data-end=\"787\">Ideal f\u00fcr:<\/strong> Alltag, Portr\u00e4ts, Landschaftsaufnahmen<\/li>\n<\/ul>\n","protected":false},"featured_media":354,"comment_status":"open","ping_status":"closed","template":"","meta":{"_acf_changed":false},"product_brand":[],"product_cat":[44],"product_tag":[],"class_list":{"0":"post-353","1":"product","2":"type-product","3":"status-publish","4":"has-post-thumbnail","6":"product_cat-analog","7":"product_shipping_class-leichtes-produkt","9":"first","10":"instock","11":"taxable","12":"shipping-taxable","13":"purchasable","14":"product-type-simple"},"acf":[],"jetpack_sharing_enabled":true,"_links":{"self":[{"href":"https:\/\/shop.fotomaechler.ch\/index.php\/wp-json\/wp\/v2\/product\/353","targetHints":{"allow":["GET"]}}],"collection":[{"href":"https:\/\/shop.fotomaechler.ch\/index.php\/wp-json\/wp\/v2\/product"}],"about":[{"href":"https:\/\/shop.fotomaechler.ch\/index.php\/wp-json\/wp\/v2\/types\/product"}],"replies":[{"embeddable":true,"href":"https:\/\/shop.fotomaechler.ch\/index.php\/wp-json\/wp\/v2\/comments?post=353"}],"version-history":[{"count":2,"href":"https:\/\/shop.fotomaechler.ch\/index.php\/wp-json\/wp\/v2\/product\/353\/revisions"}],"predecessor-version":[{"id":1793,"href":"https:\/\/shop.fotomaechler.ch\/index.php\/wp-json\/wp\/v2\/product\/353\/revisions\/1793"}],"wp:featuredmedia":[{"embeddable":true,"href":"https:\/\/shop.fotomaechler.ch\/index.php\/wp-json\/wp\/v2\/media\/354"}],"wp:attachment":[{"href":"https:\/\/shop.fotomaechler.ch\/index.php\/wp-json\/wp\/v2\/media?parent=353"}],"wp:term":[{"taxonomy":"product_brand","embeddable":true,"href":"https:\/\/shop.fotomaechler.ch\/index.php\/wp-json\/wp\/v2\/product_brand?post=353"},{"taxonomy":"product_cat","embeddable":true,"href":"https:\/\/shop.fotomaechler.ch\/index.php\/wp-json\/wp\/v2\/product_cat?post=353"},{"taxonomy":"product_tag","embeddable":true,"href":"https:\/\/shop.fotomaechler.ch\/index.php\/wp-json\/wp\/v2\/product_tag?post=353"}],"curies":[{"name":"wp","href":"https:\/\/api.w.org\/{rel}","templated":true}]}}