{"id":346,"date":"2025-02-28T08:34:20","date_gmt":"2025-02-28T07:34:20","guid":{"rendered":"https:\/\/shop.fotomaechler.ch\/?post_type=product&#038;p=346"},"modified":"2025-12-21T09:55:55","modified_gmt":"2025-12-21T08:55:55","slug":"kodak-ektar-100-farbnegativfilm-36-aufnahmen","status":"publish","type":"product","link":"https:\/\/shop.fotomaechler.ch\/index.php\/produkt\/kodak-ektar-100-farbnegativfilm-36-aufnahmen\/","title":{"rendered":"Kodak Ektar 100 \u2013 Farbnegativfilm, 36 Aufnahmen"},"content":{"rendered":"<p data-start=\"187\" data-end=\"584\">Kodak Ektar 100 \u2013 Farbnegativfilm, 36 Aufnahmen<\/p>\n<p data-start=\"187\" data-end=\"584\">Der <strong data-start=\"191\" data-end=\"210\">Kodak Ektar 100<\/strong> ist ein professioneller Farbnegativfilm mit extrem feinem Korn und brillanten Farben. Er eignet sich hervorragend f\u00fcr hochwertige Landschafts-, Natur- und Produktfotografie, aber auch f\u00fcr Reisefotografie oder Studioaufnahmen. Dank seiner hohen S\u00e4ttigung und \u00fcberragenden Sch\u00e4rfe liefert der Film au\u00dfergew\u00f6hnlich detailreiche Bilder mit einer hervorragenden Farbwiedergabe.<\/p>\n<p data-start=\"586\" data-end=\"720\">Entwickelt wird der Kodak Ektar 100 mit dem C-41-Prozess, was eine einfache und weitverbreitete Entwicklungsm\u00f6glichkeit gew\u00e4hrleistet.<\/p>\n","protected":false},"excerpt":{"rendered":"<ul>\n<li data-start=\"763\" data-end=\"810\"><strong data-start=\"765\" data-end=\"777\">Filmtyp:<\/strong> Farbnegativfilm (C-41-Prozess)<\/li>\n<li data-start=\"811\" data-end=\"827\"><strong data-start=\"813\" data-end=\"821\">ISO:<\/strong> 100<\/li>\n<li data-start=\"828\" data-end=\"856\"><strong data-start=\"830\" data-end=\"844\">Aufnahmen:<\/strong> 36 Bilder<\/li>\n<li data-start=\"857\" data-end=\"939\"><strong data-start=\"859\" data-end=\"878\">Besonderheiten:<\/strong> Extrem feines Korn, hohe Farbs\u00e4ttigung, exzellente Sch\u00e4rfe<\/li>\n<li data-start=\"940\" data-end=\"998\"><strong data-start=\"942\" data-end=\"962\">Einsatzbereiche:<\/strong> Landschaft, Natur, Studio, Reisen<\/li>\n<\/ul>\n","protected":false},"featured_media":348,"comment_status":"open","ping_status":"closed","template":"","meta":{"_acf_changed":false},"product_brand":[],"product_cat":[44],"product_tag":[],"class_list":{"0":"post-346","1":"product","2":"type-product","3":"status-publish","4":"has-post-thumbnail","6":"product_cat-analog","7":"product_shipping_class-leichtes-produkt","9":"first","10":"instock","11":"taxable","12":"shipping-taxable","13":"purchasable","14":"product-type-simple"},"acf":[],"jetpack_sharing_enabled":true,"_links":{"self":[{"href":"https:\/\/shop.fotomaechler.ch\/index.php\/wp-json\/wp\/v2\/product\/346","targetHints":{"allow":["GET"]}}],"collection":[{"href":"https:\/\/shop.fotomaechler.ch\/index.php\/wp-json\/wp\/v2\/product"}],"about":[{"href":"https:\/\/shop.fotomaechler.ch\/index.php\/wp-json\/wp\/v2\/types\/product"}],"replies":[{"embeddable":true,"href":"https:\/\/shop.fotomaechler.ch\/index.php\/wp-json\/wp\/v2\/comments?post=346"}],"version-history":[{"count":3,"href":"https:\/\/shop.fotomaechler.ch\/index.php\/wp-json\/wp\/v2\/product\/346\/revisions"}],"predecessor-version":[{"id":1795,"href":"https:\/\/shop.fotomaechler.ch\/index.php\/wp-json\/wp\/v2\/product\/346\/revisions\/1795"}],"wp:featuredmedia":[{"embeddable":true,"href":"https:\/\/shop.fotomaechler.ch\/index.php\/wp-json\/wp\/v2\/media\/348"}],"wp:attachment":[{"href":"https:\/\/shop.fotomaechler.ch\/index.php\/wp-json\/wp\/v2\/media?parent=346"}],"wp:term":[{"taxonomy":"product_brand","embeddable":true,"href":"https:\/\/shop.fotomaechler.ch\/index.php\/wp-json\/wp\/v2\/product_brand?post=346"},{"taxonomy":"product_cat","embeddable":true,"href":"https:\/\/shop.fotomaechler.ch\/index.php\/wp-json\/wp\/v2\/product_cat?post=346"},{"taxonomy":"product_tag","embeddable":true,"href":"https:\/\/shop.fotomaechler.ch\/index.php\/wp-json\/wp\/v2\/product_tag?post=346"}],"curies":[{"name":"wp","href":"https:\/\/api.w.org\/{rel}","templated":true}]}}