{"id":1315,"date":"2025-05-30T13:46:21","date_gmt":"2025-05-30T11:46:21","guid":{"rendered":"https:\/\/shop.fotomaechler.ch\/?post_type=product&#038;p=1315"},"modified":"2025-12-21T08:51:41","modified_gmt":"2025-12-21T07:51:41","slug":"instax-wide-400-sofortbildkamera-mit-breitem-format-und-selbstausloeser-funktion","status":"publish","type":"product","link":"https:\/\/shop.fotomaechler.ch\/index.php\/produkt\/instax-wide-400-sofortbildkamera-mit-breitem-format-und-selbstausloeser-funktion\/","title":{"rendered":"Instax Wide 400 \u2013 Sofortbildkamera mit breitem Format und Selbstausl\u00f6ser-Funktion"},"content":{"rendered":"<ul>\n<li data-start=\"238\" data-end=\"492\">\n<p data-start=\"240\" data-end=\"492\">Breites Bildformat f\u00fcr mehr Details:<br data-start=\"280\" data-end=\"283\" \/>Die Instax Wide 400 nutzt die beliebten Instax Wide Filme, welche fast doppelt so gro\u00df sind wie Instax Mini. Ideal f\u00fcr Gruppenbilder, Landschaften und kreative Sofortaufnahmen mit mehr Platz f\u00fcr Details.<\/p>\n<\/li>\n<li data-start=\"494\" data-end=\"713\">\n<p data-start=\"496\" data-end=\"713\">Neue Selbstausl\u00f6ser-Funktion mit Standfu\u00df:<br data-start=\"542\" data-end=\"545\" \/>Perfekt f\u00fcr spontane Gruppenbilder: Mit dem mitgelieferten Standfu\u00df und der Selbstausl\u00f6ser-Funktion kannst du dich auch selbst ins Bild bringen \u2013 ohne verwackeln.<\/p>\n<\/li>\n<li data-start=\"715\" data-end=\"946\">\n<p data-start=\"717\" data-end=\"946\">Einfache Bedienung &amp; Retro-Design:<br data-start=\"755\" data-end=\"758\" \/>Der manuelle Objektivauszug und die klaren Bedienelemente machen die Handhabung kinderleicht. Optisch \u00fcberzeugt die Kamera mit ihrem neuen, modernen Retro-Stil in mattgr\u00fcnem Geh\u00e4use.<\/p>\n<\/li>\n<li data-start=\"948\" data-end=\"1125\">\n<p data-start=\"950\" data-end=\"1125\">Optimiert f\u00fcr Tageslicht:<br data-start=\"979\" data-end=\"982\" \/>Die Instax Wide 400 bietet automatische Belichtung und Blitzfunktion f\u00fcr gute Ergebnisse bei Tageslicht \u2013 ganz ohne technische Vorkenntnisse.<\/p>\n<\/li>\n<li data-start=\"1127\" data-end=\"1306\">\n<p data-start=\"1129\" data-end=\"1306\">Perfekt f\u00fcr Events, Reisen oder Erinnerungen:<br data-start=\"1178\" data-end=\"1181\" \/>Ideal f\u00fcr Hochzeiten, Geburtstage oder einfach unterwegs \u2013 diese Kamera ist eine starke Erg\u00e4nzung f\u00fcr jede Instax-Sammlung.<\/p>\n<\/li>\n<\/ul>\n","protected":false},"excerpt":{"rendered":"<p>Breitbild-Sofortbildkamera mit Selbstausl\u00f6ser und Standfu\u00df \u2013 ideal f\u00fcr Gruppenfotos &amp; kreative Momente.<\/p>\n","protected":false},"featured_media":1321,"comment_status":"open","ping_status":"closed","template":"","meta":{"_acf_changed":false},"product_brand":[],"product_cat":[44],"product_tag":[],"class_list":{"0":"post-1315","1":"product","2":"type-product","3":"status-publish","4":"has-post-thumbnail","6":"product_cat-analog","7":"product_shipping_class-mittleres-paket","9":"first","10":"outofstock","11":"taxable","12":"shipping-taxable","13":"purchasable","14":"product-type-simple"},"acf":[],"jetpack_sharing_enabled":true,"_links":{"self":[{"href":"https:\/\/shop.fotomaechler.ch\/index.php\/wp-json\/wp\/v2\/product\/1315","targetHints":{"allow":["GET"]}}],"collection":[{"href":"https:\/\/shop.fotomaechler.ch\/index.php\/wp-json\/wp\/v2\/product"}],"about":[{"href":"https:\/\/shop.fotomaechler.ch\/index.php\/wp-json\/wp\/v2\/types\/product"}],"replies":[{"embeddable":true,"href":"https:\/\/shop.fotomaechler.ch\/index.php\/wp-json\/wp\/v2\/comments?post=1315"}],"version-history":[{"count":1,"href":"https:\/\/shop.fotomaechler.ch\/index.php\/wp-json\/wp\/v2\/product\/1315\/revisions"}],"predecessor-version":[{"id":1322,"href":"https:\/\/shop.fotomaechler.ch\/index.php\/wp-json\/wp\/v2\/product\/1315\/revisions\/1322"}],"wp:featuredmedia":[{"embeddable":true,"href":"https:\/\/shop.fotomaechler.ch\/index.php\/wp-json\/wp\/v2\/media\/1321"}],"wp:attachment":[{"href":"https:\/\/shop.fotomaechler.ch\/index.php\/wp-json\/wp\/v2\/media?parent=1315"}],"wp:term":[{"taxonomy":"product_brand","embeddable":true,"href":"https:\/\/shop.fotomaechler.ch\/index.php\/wp-json\/wp\/v2\/product_brand?post=1315"},{"taxonomy":"product_cat","embeddable":true,"href":"https:\/\/shop.fotomaechler.ch\/index.php\/wp-json\/wp\/v2\/product_cat?post=1315"},{"taxonomy":"product_tag","embeddable":true,"href":"https:\/\/shop.fotomaechler.ch\/index.php\/wp-json\/wp\/v2\/product_tag?post=1315"}],"curies":[{"name":"wp","href":"https:\/\/api.w.org\/{rel}","templated":true}]}}